{"id":4400,"date":"2025-06-26T15:49:09","date_gmt":"2025-06-26T13:49:09","guid":{"rendered":"http:\/\/dummy.xtemos.com\/woodmart2\/elementor\/?page_id=4400"},"modified":"2025-10-06T11:21:03","modified_gmt":"2025-10-06T09:21:03","slug":"qui-somme-nous","status":"publish","type":"page","link":"https:\/\/benenergiedz.com\/?page_id=4400","title":{"rendered":"Qui Somme Nous ?"},"content":{"rendered":"\t\t<div data-elementor-type=\"wp-page\" data-elementor-id=\"4400\" class=\"elementor elementor-4400\">\n\t\t\t\t\t\t<section class=\"wd-negative-gap elementor-section elementor-top-section elementor-element elementor-element-3247e56 elementor-section-boxed elementor-section-height-default elementor-section-height-default\" data-id=\"3247e56\" data-element_type=\"section\" data-e-type=\"section\">\n\t\t\t\t\t\t<div class=\"elementor-container elementor-column-gap-default\">\n\t\t\t\t\t<div class=\"elementor-column elementor-col-50 elementor-top-column elementor-element elementor-element-3c18465\" data-id=\"3c18465\" data-element_type=\"column\" data-e-type=\"column\">\n\t\t\t<div class=\"elementor-widget-wrap elementor-element-populated\">\n\t\t\t\t\t\t<div class=\"elementor-element elementor-element-c71dc19 color-scheme-inherit text-left elementor-widget elementor-widget-text-editor\" data-id=\"c71dc19\" data-element_type=\"widget\" data-e-type=\"widget\" data-widget_type=\"text-editor.default\">\n\t\t\t\t<div class=\"elementor-widget-container\">\n\t\t\t\t\t\t\t\t\t<p data-start=\"164\" data-end=\"601\"><strong data-start=\"164\" data-end=\"201\">BEN ENERGIES<\/strong>\u00a0est une soci\u00e9t\u00e9 sp\u00e9cialis\u00e9e dans les \u00e9tudes et r\u00e9alisations \u00e9lectriques en basse et moyenne tension, tant dans le secteur industriel que tertiaire.<br data-start=\"349\" data-end=\"352\" \/>Forte d\u2019une \u00e9quipe qualifi\u00e9e et de partenariats solides avec des leaders mondiaux comme <strong data-start=\"440\" data-end=\"482\">Schneider Electric, Legrand et Siemens<\/strong>, nous assurons la conception, l\u2019installation et la mise en service de solutions \u00e9lectriques fiables et performantes.<\/p><p data-start=\"603\" data-end=\"926\">Nous proposons \u00e9galement une large gamme d\u2019\u00e9quipements : onduleurs, stabilisateurs, redresseurs-chargeurs, groupes \u00e9lectrog\u00e8nes, armoires \u00e9lectriques (jusqu\u2019\u00e0 4000A), postes transformateurs moyenne tension, ainsi que des batteries industrielles adapt\u00e9es \u00e0 diff\u00e9rents besoins (onduleurs, t\u00e9l\u00e9com, vid\u00e9osurveillance, etc.).<\/p><p data-start=\"928\" data-end=\"1112\">L\u2019entreprise est dirig\u00e9e par <strong data-start=\"957\" data-end=\"978\">Mouloud BENTARCHA<\/strong>, un expert reconnu du secteur \u00e9lectrique, fort d\u2019une longue exp\u00e9rience de direction au sein de grandes entreprises internationales.<\/p>\t\t\t\t\t\t\t\t<\/div>\n\t\t\t\t<\/div>\n\t\t\t\t\t<\/div>\n\t\t<\/div>\n\t\t\t\t<div class=\"elementor-column elementor-col-50 elementor-top-column elementor-element elementor-element-af6f5ca\" data-id=\"af6f5ca\" data-element_type=\"column\" data-e-type=\"column\">\n\t\t\t<div class=\"elementor-widget-wrap elementor-element-populated\">\n\t\t\t\t\t\t<div class=\"elementor-element elementor-element-80d1cbd elementor-widget elementor-widget-image\" data-id=\"80d1cbd\" data-element_type=\"widget\" data-e-type=\"widget\" data-widget_type=\"image.default\">\n\t\t\t\t<div class=\"elementor-widget-container\">\n\t\t\t\t\t\t\t\t\t\t\t\t\t\t\t<img fetchpriority=\"high\" decoding=\"async\" width=\"800\" height=\"800\" src=\"https:\/\/benenergiedz.com\/wp-content\/uploads\/2025\/09\/0b69b6436d2c4be90bfd5bbae5dc8cd7-800x800.jpg\" class=\"attachment-large size-large wp-image-15929\" alt=\"\" srcset=\"https:\/\/benenergiedz.com\/wp-content\/uploads\/2025\/09\/0b69b6436d2c4be90bfd5bbae5dc8cd7-800x800.jpg 800w, https:\/\/benenergiedz.com\/wp-content\/uploads\/2025\/09\/0b69b6436d2c4be90bfd5bbae5dc8cd7-300x300.jpg 300w, https:\/\/benenergiedz.com\/wp-content\/uploads\/2025\/09\/0b69b6436d2c4be90bfd5bbae5dc8cd7-150x150.jpg 150w, https:\/\/benenergiedz.com\/wp-content\/uploads\/2025\/09\/0b69b6436d2c4be90bfd5bbae5dc8cd7-768x768.jpg 768w, https:\/\/benenergiedz.com\/wp-content\/uploads\/2025\/09\/0b69b6436d2c4be90bfd5bbae5dc8cd7-430x430.jpg 430w, https:\/\/benenergiedz.com\/wp-content\/uploads\/2025\/09\/0b69b6436d2c4be90bfd5bbae5dc8cd7-700x700.jpg 700w, https:\/\/benenergiedz.com\/wp-content\/uploads\/2025\/09\/0b69b6436d2c4be90bfd5bbae5dc8cd7.jpg 1024w\" sizes=\"(max-width: 800px) 100vw, 800px\" \/>\t\t\t\t\t\t\t\t\t\t\t\t\t\t\t<\/div>\n\t\t\t\t<\/div>\n\t\t\t\t\t<\/div>\n\t\t<\/div>\n\t\t\t\t\t<\/div>\n\t\t<\/section>\n\t\t\t\t<section class=\"wd-negative-gap elementor-section elementor-top-section elementor-element elementor-element-dcc7ec8 elementor-section-boxed elementor-section-height-default elementor-section-height-default\" data-id=\"dcc7ec8\" data-element_type=\"section\" data-e-type=\"section\">\n\t\t\t\t\t\t<div class=\"elementor-container elementor-column-gap-wide\">\n\t\t\t\t\t<div class=\"elementor-column elementor-col-50 elementor-top-column elementor-element elementor-element-980096b\" data-id=\"980096b\" data-element_type=\"column\" data-e-type=\"column\">\n\t\t\t<div class=\"elementor-widget-wrap elementor-element-populated\">\n\t\t\t\t\t\t<div class=\"elementor-element elementor-element-3e0f24f elementor-widget elementor-widget-image\" data-id=\"3e0f24f\" data-element_type=\"widget\" data-e-type=\"widget\" data-widget_type=\"image.default\">\n\t\t\t\t<div class=\"elementor-widget-container\">\n\t\t\t\t\t\t\t\t\t\t\t\t\t\t\t<img decoding=\"async\" width=\"547\" height=\"800\" src=\"https:\/\/benenergiedz.com\/wp-content\/uploads\/2025\/09\/bae03753ab8cfd4aadd6a32916c57a3f-547x800.jpg\" class=\"attachment-large size-large wp-image-15931\" alt=\"\" srcset=\"https:\/\/benenergiedz.com\/wp-content\/uploads\/2025\/09\/bae03753ab8cfd4aadd6a32916c57a3f-547x800.jpg 547w, https:\/\/benenergiedz.com\/wp-content\/uploads\/2025\/09\/bae03753ab8cfd4aadd6a32916c57a3f-205x300.jpg 205w, https:\/\/benenergiedz.com\/wp-content\/uploads\/2025\/09\/bae03753ab8cfd4aadd6a32916c57a3f-768x1122.jpg 768w, https:\/\/benenergiedz.com\/wp-content\/uploads\/2025\/09\/bae03753ab8cfd4aadd6a32916c57a3f-430x628.jpg 430w, https:\/\/benenergiedz.com\/wp-content\/uploads\/2025\/09\/bae03753ab8cfd4aadd6a32916c57a3f-700x1023.jpg 700w, https:\/\/benenergiedz.com\/wp-content\/uploads\/2025\/09\/bae03753ab8cfd4aadd6a32916c57a3f-150x219.jpg 150w, https:\/\/benenergiedz.com\/wp-content\/uploads\/2025\/09\/bae03753ab8cfd4aadd6a32916c57a3f.jpg 832w\" sizes=\"(max-width: 547px) 100vw, 547px\" \/>\t\t\t\t\t\t\t\t\t\t\t\t\t\t\t<\/div>\n\t\t\t\t<\/div>\n\t\t\t\t\t<\/div>\n\t\t<\/div>\n\t\t\t\t<div class=\"elementor-column elementor-col-50 elementor-top-column elementor-element elementor-element-830fac4\" data-id=\"830fac4\" data-element_type=\"column\" data-e-type=\"column\">\n\t\t\t<div class=\"elementor-widget-wrap elementor-element-populated\">\n\t\t\t\t\t\t<div class=\"elementor-element elementor-element-5523d5d elementor-widget elementor-widget-heading\" data-id=\"5523d5d\" data-element_type=\"widget\" data-e-type=\"widget\" data-widget_type=\"heading.default\">\n\t\t\t\t<div class=\"elementor-widget-container\">\n\t\t\t\t\t<h2 class=\"elementor-heading-title elementor-size-default\">Pourquoi nous choisir ?<\/h2>\t\t\t\t<\/div>\n\t\t\t\t<\/div>\n\t\t\t\t<div class=\"elementor-element elementor-element-843080a elementor-widget-divider--view-line elementor-widget elementor-widget-divider\" data-id=\"843080a\" data-element_type=\"widget\" data-e-type=\"widget\" data-widget_type=\"divider.default\">\n\t\t\t\t<div class=\"elementor-widget-container\">\n\t\t\t\t\t\t\t<div class=\"elementor-divider\">\n\t\t\t<span class=\"elementor-divider-separator\">\n\t\t\t\t\t\t<\/span>\n\t\t<\/div>\n\t\t\t\t\t\t<\/div>\n\t\t\t\t<\/div>\n\t\t\t\t<div class=\"elementor-element elementor-element-51bb8b0 color-scheme-inherit text-left elementor-widget elementor-widget-text-editor\" data-id=\"51bb8b0\" data-element_type=\"widget\" data-e-type=\"widget\" data-widget_type=\"text-editor.default\">\n\t\t\t\t<div class=\"elementor-widget-container\">\n\t\t\t\t\t\t\t\t\t<ul><li data-start=\"1183\" data-end=\"1324\"><p data-start=\"1185\" data-end=\"1324\"><strong data-start=\"1185\" data-end=\"1207\">Expertise reconnue<\/strong> : une \u00e9quipe exp\u00e9riment\u00e9e capable de prendre en charge vos projets de la phase d\u2019\u00e9tude jusqu\u2019\u00e0 la mise en service.<\/p><\/li><li data-start=\"1325\" data-end=\"1470\"><p data-start=\"1327\" data-end=\"1470\"><strong data-start=\"1327\" data-end=\"1356\">Partenariats strat\u00e9giques<\/strong> : partenaire officiel de <strong data-start=\"1382\" data-end=\"1404\">Schneider Electric<\/strong> pour les onduleurs et partenaire de <strong data-start=\"1441\" data-end=\"1452\">Siemens<\/strong> en automatisme.<\/p><\/li><li data-start=\"1471\" data-end=\"1681\"><p data-start=\"1473\" data-end=\"1681\"><strong data-start=\"1473\" data-end=\"1495\">R\u00e9f\u00e9rences solides<\/strong> : des r\u00e9alisations pour des clients prestigieux tels que le <strong data-start=\"1556\" data-end=\"1593\">Minist\u00e8re de la D\u00e9fense Nationale<\/strong>, <strong data-start=\"1595\" data-end=\"1608\">Sonatrach<\/strong>, <strong data-start=\"1610\" data-end=\"1622\">Sonelgaz<\/strong>, <strong data-start=\"1624\" data-end=\"1635\">Cevital<\/strong>, la <strong data-start=\"1640\" data-end=\"1660\">Banque d\u2019Alg\u00e9rie<\/strong>, et bien d\u2019autres.<\/p><\/li><li data-start=\"1682\" data-end=\"1812\"><p data-start=\"1684\" data-end=\"1812\"><strong data-start=\"1684\" data-end=\"1707\">Solutions compl\u00e8tes<\/strong> : de l\u2019\u00e9tude, au c\u00e2blage, jusqu\u2019\u00e0 la fourniture et installation d\u2019\u00e9quipements \u00e9lectriques performants.<\/p><\/li><li data-start=\"1813\" data-end=\"1952\"><p data-start=\"1815\" data-end=\"1952\"><strong data-start=\"1815\" data-end=\"1841\">Fiabilit\u00e9 &amp; innovation<\/strong> : un stock r\u00e9gulier de batteries et onduleurs de derni\u00e8re g\u00e9n\u00e9ration pour r\u00e9pondre rapidement \u00e0 vos besoins.<\/p><\/li><\/ul>\t\t\t\t\t\t\t\t<\/div>\n\t\t\t\t<\/div>\n\t\t\t\t\t<\/div>\n\t\t<\/div>\n\t\t\t\t\t<\/div>\n\t\t<\/section>\n\t\t\t\t<section class=\"wd-negative-gap elementor-section elementor-top-section elementor-element elementor-element-9320c7f elementor-section-height-min-height elementor-section-boxed elementor-section-height-default elementor-section-items-middle\" data-id=\"9320c7f\" data-element_type=\"section\" data-e-type=\"section\" data-settings=\"{&quot;background_background&quot;:&quot;classic&quot;}\">\n\t\t\t\t\t\t\t<div class=\"elementor-background-overlay\"><\/div>\n\t\t\t\t\t\t\t<div class=\"elementor-container elementor-column-gap-default\">\n\t\t\t\t\t<div class=\"elementor-column elementor-col-50 elementor-top-column elementor-element elementor-element-8617b45 elementor-hidden-tablet elementor-hidden-mobile\" data-id=\"8617b45\" data-element_type=\"column\" data-e-type=\"column\">\n\t\t\t<div class=\"elementor-widget-wrap\">\n\t\t\t\t\t\t\t<\/div>\n\t\t<\/div>\n\t\t\t\t<div class=\"elementor-column elementor-col-50 elementor-top-column elementor-element elementor-element-696cd4f\" data-id=\"696cd4f\" data-element_type=\"column\" data-e-type=\"column\">\n\t\t\t<div class=\"elementor-widget-wrap elementor-element-populated\">\n\t\t\t\t\t\t<div class=\"elementor-element elementor-element-95cc6ef elementor-widget elementor-widget-heading\" data-id=\"95cc6ef\" data-element_type=\"widget\" data-e-type=\"widget\" data-widget_type=\"heading.default\">\n\t\t\t\t<div class=\"elementor-widget-container\">\n\t\t\t\t\t<h2 class=\"elementor-heading-title elementor-size-default\">Profitez de la meilleure exp\u00e9rience avec nous<\/h2>\t\t\t\t<\/div>\n\t\t\t\t<\/div>\n\t\t\t\t<div class=\"elementor-element elementor-element-391d438 elementor-widget-divider--view-line elementor-widget elementor-widget-divider\" data-id=\"391d438\" data-element_type=\"widget\" data-e-type=\"widget\" data-widget_type=\"divider.default\">\n\t\t\t\t<div class=\"elementor-widget-container\">\n\t\t\t\t\t\t\t<div class=\"elementor-divider\">\n\t\t\t<span class=\"elementor-divider-separator\">\n\t\t\t\t\t\t<\/span>\n\t\t<\/div>\n\t\t\t\t\t\t<\/div>\n\t\t\t\t<\/div>\n\t\t\t\t<div class=\"elementor-element elementor-element-05592b5 color-scheme-inherit text-left elementor-widget elementor-widget-text-editor\" data-id=\"05592b5\" data-element_type=\"widget\" data-e-type=\"widget\" data-widget_type=\"text-editor.default\">\n\t\t\t\t<div class=\"elementor-widget-container\">\n\t\t\t\t\t\t\t\t\t<p>Confiez-nous votre projet en toute s\u00e9r\u00e9nit\u00e9 et laissez notre expertise transformer vos besoins \u00e9nerg\u00e9tiques en solutions fiables, innovantes et durables. Gr\u00e2ce \u00e0 notre savoir-faire, notre rigueur et notre passion du m\u00e9tier, chaque r\u00e9alisation devient une r\u00e9ussite sur mesure, pens\u00e9e pour vous.<\/p>\t\t\t\t\t\t\t\t<\/div>\n\t\t\t\t<\/div>\n\t\t\t\t\t<\/div>\n\t\t<\/div>\n\t\t\t\t\t<\/div>\n\t\t<\/section>\n\t\t\t\t<\/div>\n\t\t","protected":false},"excerpt":{"rendered":"<p>BEN ENERGIES\u00a0est une soci\u00e9t\u00e9 sp\u00e9cialis\u00e9e dans les \u00e9tudes et r\u00e9alisations \u00e9lectriques en basse et moyenne tension, tant dans le secteur<\/p>\n","protected":false},"author":1,"featured_media":0,"parent":0,"menu_order":0,"comment_status":"closed","ping_status":"closed","template":"","meta":{"footnotes":""},"class_list":["post-4400","page","type-page","status-publish","hentry"],"_links":{"self":[{"href":"https:\/\/benenergiedz.com\/index.php?rest_route=\/wp\/v2\/pages\/4400","targetHints":{"allow":["GET"]}}],"collection":[{"href":"https:\/\/benenergiedz.com\/index.php?rest_route=\/wp\/v2\/pages"}],"about":[{"href":"https:\/\/benenergiedz.com\/index.php?rest_route=\/wp\/v2\/types\/page"}],"author":[{"embeddable":true,"href":"https:\/\/benenergiedz.com\/index.php?rest_route=\/wp\/v2\/users\/1"}],"replies":[{"embeddable":true,"href":"https:\/\/benenergiedz.com\/index.php?rest_route=%2Fwp%2Fv2%2Fcomments&post=4400"}],"version-history":[{"count":0,"href":"https:\/\/benenergiedz.com\/index.php?rest_route=\/wp\/v2\/pages\/4400\/revisions"}],"wp:attachment":[{"href":"https:\/\/benenergiedz.com\/index.php?rest_route=%2Fwp%2Fv2%2Fmedia&parent=4400"}],"curies":[{"name":"wp","href":"https:\/\/api.w.org\/{rel}","templated":true}]}}