{"id":15658,"date":"2025-07-20T11:38:37","date_gmt":"2025-07-20T09:38:37","guid":{"rendered":"http:\/\/localhost:8081\/benenergie\/?page_id=15658"},"modified":"2025-07-24T17:55:22","modified_gmt":"2025-07-24T15:55:22","slug":"etude-et-realisation-des-ouvrages-electriques","status":"publish","type":"page","link":"https:\/\/benenergiedz.com\/?page_id=15658","title":{"rendered":"\u00c9tude et r\u00e9alisation des ouvrages \u00e9lectriques"},"content":{"rendered":"","protected":false},"excerpt":{"rendered":"","protected":false},"author":1,"featured_media":0,"parent":0,"menu_order":0,"comment_status":"closed","ping_status":"closed","template":"","meta":{"footnotes":""},"class_list":["post-15658","page","type-page","status-publish","hentry"],"_links":{"self":[{"href":"https:\/\/benenergiedz.com\/index.php?rest_route=\/wp\/v2\/pages\/15658","targetHints":{"allow":["GET"]}}],"collection":[{"href":"https:\/\/benenergiedz.com\/index.php?rest_route=\/wp\/v2\/pages"}],"about":[{"href":"https:\/\/benenergiedz.com\/index.php?rest_route=\/wp\/v2\/types\/page"}],"author":[{"embeddable":true,"href":"https:\/\/benenergiedz.com\/index.php?rest_route=\/wp\/v2\/users\/1"}],"replies":[{"embeddable":true,"href":"https:\/\/benenergiedz.com\/index.php?rest_route=%2Fwp%2Fv2%2Fcomments&post=15658"}],"version-history":[{"count":0,"href":"https:\/\/benenergiedz.com\/index.php?rest_route=\/wp\/v2\/pages\/15658\/revisions"}],"wp:attachment":[{"href":"https:\/\/benenergiedz.com\/index.php?rest_route=%2Fwp%2Fv2%2Fmedia&parent=15658"}],"curies":[{"name":"wp","href":"https:\/\/api.w.org\/{rel}","templated":true}]}}